{"id":7374,"date":"2020-04-22T12:53:19","date_gmt":"2020-04-22T10:53:19","guid":{"rendered":"https:\/\/www.policingandsecurity.be\/en\/?page_id=2618"},"modified":"2025-07-04T14:51:36","modified_gmt":"2025-07-04T12:51:36","slug":"past-conferences","status":"publish","type":"page","link":"https:\/\/www.policingandsecurity.be\/en\/activities\/conferences\/past-conferences\/","title":{"rendered":"Past conferences"},"content":{"rendered":"\n<h2 class=\"wp-block-heading\">Past conferences<\/h2>\n\n\n\n<p><\/p>\n\n\n\n<ul class=\"wp-block-list\">\n<li>8-9 May 2025:\u00a0<a href=\"https:\/\/www.policingandsecurity.be\/en\/activity\/residential-conference-samenspel-of-strijd-de-dans-tussen-wetenschap-politie-en-beleid\/\">Two-day Residential Conference: Cooperation or conflict: The Dance between Science, Police and Policy<\/a>\u00a0\u2013 Ostend, Thermae Palace<\/li>\n\n\n\n<li>1 October 2024: Journ\u00e9e d\u2019\u00e9tude en collaboration avec le SIRS (NL-FR):&nbsp;<a href=\"https:\/\/www.policingandsecurity.be\/en\/activity\/journee-detude-reforme-du-code-penal-social\/\">R\u00e9forme du Code p\u00e9nal social<\/a><br>Bruxelles, Salle d\u2019Europe (Tour du Midi)<\/li>\n\n\n\n<li>5 November 2024: Journ\u00e9e d\u2019\u00e9tude:&nbsp;<a href=\"https:\/\/www.policingandsecurity.be\/en\/activity\/journee-detude-la-nouvelle-loi-sur-les-activites-de-recherche-privee-une-revolution-ou-pas\/\">La nouvelle loi sur les activit\u00e9s de recherche priv\u00e9e: une r\u00e9volution ou pas?<\/a>&nbsp;(NL + FR)<br>Bruxelles, Polis Center (RAC)<\/li>\n\n\n\n<li>17 September 2019: <a href=\"http:\/\/online-marketing-bedrijf.be\/CPS-NL\/zzz-archief\/zzz-studiedagen\/cps-2019-international-conference\/\">I<\/a><a href=\"https:\/\/www.policingandsecurity.be\/en\/about-cps\/30th-anniversary-celebration\/\" data-type=\"page\" data-id=\"10702\">nternational conference &#8216;Street policing in a smart society&#8217; and 30 years celebration of the CPS<\/a><\/li>\n\n\n\n<li><a href=\"https:\/\/www.eurocrim2019.com\/\" target=\"_blank\" rel=\"noreferrer noopener\">19th yearly conference of the European Society of Criminology<\/a>, Ghent University: ConverGENT: Convergent roads, bridges and new pathaways in criminology<\/li>\n\n\n\n<li>2 December 2014:&nbsp;<a href=\"http:\/\/online-marketing-bedrijf.be\/CPS-NL\/activiteiten\/studiedagen-en-seminars\/voorbije-studiedagen-en-seminars\/bisc-conference-building-belgiums-cyber-intelligence-knowledge-capacity-2014\/\">&nbsp;<\/a><a href=\"https:\/\/www.policingandsecurity.be\/activiteiten\/studiedagen-en-seminars\/voorbije-studiedagen-en-seminars\/bisc-conference-building-belgiums-cyber-intelligence-knowledge-capacity-2014\/\">BISC-conference:\u201dBuilding Belgiums cyber intelligence knowledge capacity\u201d<\/a>&nbsp;(N-F-E) Belgian State Security, Brussels<\/li>\n\n\n\n<li>6 december 2013: International conference:&nbsp;<a href=\"https:\/\/online-marketing-bedrijf.be\/CPS-NL\/zzz-archief\/zzz-studiedagen\/bisc-conference-open-source-social-media-intelligence\/\"> <\/a><a href=\"https:\/\/www.policingandsecurity.be\/zzz-studiedagen\/international-conference-open-source-social-media-intelligence-2013\/\">Open source &amp; social media intelligence<\/a>, Royal Military School, Brussels<\/li>\n\n\n\n<li>12-13 December 2012:&nbsp;International conference in cooperation with the Dutch Security &amp; Society Foundation:  \u201c<a href=\"https:\/\/www.policingandsecurity.be\/zzz-studiedagen\/2-daagse-internationale-residentiele-conferentie-tides-and-currents-in-police-theories-2012\/\">Tides and currents in Police theories<\/a>\u201c, De Ceder, Astene (Deinze)<\/li>\n\n\n\n<li>14-15 May 2009: International conference &#8216;<a href=\"http:\/\/www.policingandsecurity.be\/cps-coproductie-2009-tweedaagse-conferentie-restorative-policing\/\" target=\"_blank\" rel=\"noreferrer noopener\">Restorative Policing\u201d<\/a> Blankenberge<\/li>\n<\/ul>\n\n\n\n<p><\/p>\n","protected":false},"excerpt":{"rendered":"<p>Past conferences<\/p>\n","protected":false},"author":2,"featured_media":0,"parent":7352,"menu_order":0,"comment_status":"closed","ping_status":"closed","template":"template-innerpage.php","meta":{"_acf_changed":false,"_uag_custom_page_level_css":"","footnotes":""},"class_list":["post-7374","page","type-page","status-publish","hentry"],"acf":[],"featured_image_urls":{"full":"","thumbnail":"","medium":"","medium_large":"","large":"","1536x1536":"","2048x2048":"","small":"","custom-size":"","menu-24x24":"","menu-36x36":"","menu-48x48":""},"post_excerpt_stackable":"<p>Past conferences 8-9 May 2025:\u00a0Two-day Residential Conference: Cooperation or conflict: The Dance between Science, Police and Policy\u00a0\u2013 Ostend, Thermae Palace 1 October 2024: Journ\u00e9e d\u2019\u00e9tude en collaboration avec le SIRS (NL-FR):&nbsp;R\u00e9forme du Code p\u00e9nal socialBruxelles, Salle d\u2019Europe (Tour du Midi) 5 November 2024: Journ\u00e9e d\u2019\u00e9tude:&nbsp;La nouvelle loi sur les activit\u00e9s de recherche priv\u00e9e: une r\u00e9volution ou pas?&nbsp;(NL + FR)Bruxelles, Polis Center (RAC) 17 September 2019: International conference &#8216;Street policing in a smart society&#8217; and 30 years celebration of the CPS 19th yearly conference of the European Society of Criminology, Ghent University: ConverGENT: Convergent roads, bridges and new pathaways in criminology&hellip;<\/p>\n","category_list":"","author_info":{"name":"Demi Sonck","url":"https:\/\/www.policingandsecurity.be\/en\/author\/demi\/"},"comments_num":"0 comments","featured_image_urls_v2":{"full":"","thumbnail":"","medium":"","medium_large":"","large":"","1536x1536":"","2048x2048":"","small":"","custom-size":"","menu-24x24":"","menu-36x36":"","menu-48x48":""},"post_excerpt_stackable_v2":"<p>Past conferences 8-9 May 2025:\u00a0Two-day Residential Conference: Cooperation or conflict: The Dance between Science, Police and Policy\u00a0\u2013 Ostend, Thermae Palace 1 October 2024: Journ\u00e9e d\u2019\u00e9tude en collaboration avec le SIRS (NL-FR):&nbsp;R\u00e9forme du Code p\u00e9nal socialBruxelles, Salle d\u2019Europe (Tour du Midi) 5 November 2024: Journ\u00e9e d\u2019\u00e9tude:&nbsp;La nouvelle loi sur les activit\u00e9s de recherche priv\u00e9e: une r\u00e9volution ou pas?&nbsp;(NL + FR)Bruxelles, Polis Center (RAC) 17 September 2019: International conference &#8216;Street policing in a smart society&#8217; and 30 years celebration of the CPS 19th yearly conference of the European Society of Criminology, Ghent University: ConverGENT: Convergent roads, bridges and new pathaways in criminology&hellip;<\/p>\n","category_list_v2":"","author_info_v2":{"name":"Demi Sonck","url":"https:\/\/www.policingandsecurity.be\/en\/author\/demi\/"},"comments_num_v2":"0 comments","uagb_featured_image_src":{"full":false,"thumbnail":false,"medium":false,"medium_large":false,"large":false,"1536x1536":false,"2048x2048":false,"small":false,"custom-size":false,"menu-24x24":false,"menu-36x36":false,"menu-48x48":false},"uagb_author_info":{"display_name":"Demi Sonck","author_link":"https:\/\/www.policingandsecurity.be\/en\/author\/demi\/"},"uagb_comment_info":0,"uagb_excerpt":"Past conferences","_links":{"self":[{"href":"https:\/\/www.policingandsecurity.be\/en\/wp-json\/wp\/v2\/pages\/7374","targetHints":{"allow":["GET"]}}],"collection":[{"href":"https:\/\/www.policingandsecurity.be\/en\/wp-json\/wp\/v2\/pages"}],"about":[{"href":"https:\/\/www.policingandsecurity.be\/en\/wp-json\/wp\/v2\/types\/page"}],"author":[{"embeddable":true,"href":"https:\/\/www.policingandsecurity.be\/en\/wp-json\/wp\/v2\/users\/2"}],"replies":[{"embeddable":true,"href":"https:\/\/www.policingandsecurity.be\/en\/wp-json\/wp\/v2\/comments?post=7374"}],"version-history":[{"count":11,"href":"https:\/\/www.policingandsecurity.be\/en\/wp-json\/wp\/v2\/pages\/7374\/revisions"}],"predecessor-version":[{"id":11281,"href":"https:\/\/www.policingandsecurity.be\/en\/wp-json\/wp\/v2\/pages\/7374\/revisions\/11281"}],"up":[{"embeddable":true,"href":"https:\/\/www.policingandsecurity.be\/en\/wp-json\/wp\/v2\/pages\/7352"}],"wp:attachment":[{"href":"https:\/\/www.policingandsecurity.be\/en\/wp-json\/wp\/v2\/media?parent=7374"}],"curies":[{"name":"wp","href":"https:\/\/api.w.org\/{rel}","templated":true}]}}