{"id":10716,"date":"2021-04-26T15:25:41","date_gmt":"2021-04-26T13:25:41","guid":{"rendered":"https:\/\/www.policingandsecurity.be\/en\/?page_id=10716"},"modified":"2024-06-14T13:05:49","modified_gmt":"2024-06-14T11:05:49","slug":"register-for-conferences","status":"publish","type":"page","link":"https:\/\/www.policingandsecurity.be\/en\/registration-general\/register-for-conferences\/","title":{"rendered":"Register for conferences"},"content":{"rendered":"\n<h2 class=\"wp-block-heading\">Register here for the upcoming conferences and webinars:<\/h2>\n\n\n\n<p><\/p>\n\n\n\n<p><\/p>\n\n\n\n<p>For the conferences in Dutch language, please consult the <a href=\"https:\/\/www.policingandsecurity.be\/\">website in Dutch<\/a>.<\/p>\n\n\n\n        <ul class=\"cps-activities-table\">\r\n                            <li>\r\n                    9 octobre 2025:\r\n                    <a href=\"https:\/\/www.policingandsecurity.be\/en\/activity\/journee-detude-fraude-a-lidentite\/\">Journ\u00e9e d&#8217;\u00e9tude: La fraude \u00e0 l&#8217;identit\u00e9<\/a>\r\n                <\/li>\r\n                    <\/ul>\r\n\r\n        \n","protected":false},"excerpt":{"rendered":"<p>Register here for the upcoming conferences and webinars: For the conferences in Dutch language, please consult the website in Dutch.<\/p>\n","protected":false},"author":1,"featured_media":0,"parent":10719,"menu_order":0,"comment_status":"closed","ping_status":"closed","template":"template-innerpage.php","meta":{"_acf_changed":false,"_uag_custom_page_level_css":"","footnotes":""},"class_list":["post-10716","page","type-page","status-publish","hentry"],"acf":[],"featured_image_urls":{"full":"","thumbnail":"","medium":"","medium_large":"","large":"","1536x1536":"","2048x2048":"","small":"","custom-size":"","menu-24x24":"","menu-36x36":"","menu-48x48":""},"post_excerpt_stackable":"<p>Register here for the upcoming conferences and webinars: For the conferences in Dutch language, please consult the website in Dutch. 9 octobre 2025: Journ\u00e9e d&#8217;\u00e9tude: La fraude \u00e0 l&#8217;identit\u00e9<\/p>\n","category_list":"","author_info":{"name":"Dimitri","url":"https:\/\/www.policingandsecurity.be\/en\/author\/dimitri\/"},"comments_num":"0 comments","featured_image_urls_v2":{"full":"","thumbnail":"","medium":"","medium_large":"","large":"","1536x1536":"","2048x2048":"","small":"","custom-size":"","menu-24x24":"","menu-36x36":"","menu-48x48":""},"post_excerpt_stackable_v2":"<p>Register here for the upcoming conferences and webinars: For the conferences in Dutch language, please consult the website in Dutch. 9 octobre 2025: Journ\u00e9e d&#8217;\u00e9tude: La fraude \u00e0 l&#8217;identit\u00e9<\/p>\n","category_list_v2":"","author_info_v2":{"name":"Dimitri","url":"https:\/\/www.policingandsecurity.be\/en\/author\/dimitri\/"},"comments_num_v2":"0 comments","uagb_featured_image_src":{"full":false,"thumbnail":false,"medium":false,"medium_large":false,"large":false,"1536x1536":false,"2048x2048":false,"small":false,"custom-size":false,"menu-24x24":false,"menu-36x36":false,"menu-48x48":false},"uagb_author_info":{"display_name":"Dimitri","author_link":"https:\/\/www.policingandsecurity.be\/en\/author\/dimitri\/"},"uagb_comment_info":0,"uagb_excerpt":"Register here for the upcoming conferences and webinars: For the conferences in Dutch language, please consult the website in Dutch.","_links":{"self":[{"href":"https:\/\/www.policingandsecurity.be\/en\/wp-json\/wp\/v2\/pages\/10716","targetHints":{"allow":["GET"]}}],"collection":[{"href":"https:\/\/www.policingandsecurity.be\/en\/wp-json\/wp\/v2\/pages"}],"about":[{"href":"https:\/\/www.policingandsecurity.be\/en\/wp-json\/wp\/v2\/types\/page"}],"author":[{"embeddable":true,"href":"https:\/\/www.policingandsecurity.be\/en\/wp-json\/wp\/v2\/users\/1"}],"replies":[{"embeddable":true,"href":"https:\/\/www.policingandsecurity.be\/en\/wp-json\/wp\/v2\/comments?post=10716"}],"version-history":[{"count":2,"href":"https:\/\/www.policingandsecurity.be\/en\/wp-json\/wp\/v2\/pages\/10716\/revisions"}],"predecessor-version":[{"id":10985,"href":"https:\/\/www.policingandsecurity.be\/en\/wp-json\/wp\/v2\/pages\/10716\/revisions\/10985"}],"up":[{"embeddable":true,"href":"https:\/\/www.policingandsecurity.be\/en\/wp-json\/wp\/v2\/pages\/10719"}],"wp:attachment":[{"href":"https:\/\/www.policingandsecurity.be\/en\/wp-json\/wp\/v2\/media?parent=10716"}],"curies":[{"name":"wp","href":"https:\/\/api.w.org\/{rel}","templated":true}]}}